{"id":401,"date":"2023-08-02T10:24:58","date_gmt":"2023-08-02T08:24:58","guid":{"rendered":"https:\/\/marketool.usernet.hu\/bemutatkozas\/"},"modified":"2023-10-12T10:46:02","modified_gmt":"2023-10-12T08:46:02","slug":"introduction","status":"publish","type":"page","link":"https:\/\/marketool.hu\/en\/introduction\/","title":{"rendered":"Introduction"},"content":{"rendered":"\n<p>Our main activity is to provide to our Customers cutting tools that meets today\u2019s requirements. If necessary together with the tools we provide the technology too. One of the features of our age is the DYNAMISM. <\/p>\n\n\n\n<p>This means new challenges and demands, such as new technologies and tools developed to solve them. Therefore the users whose main aim is to ensure the daily and trouble free production, have not always sufficient time to look for new solutions, technologies, to keep themselves updated with the latest news.<\/p>\n\n\n\n<p>Our company getting acquainted with the Costumers features, machines park and capacity we always will propose the necessary and sufficient solution. This is the way how we contribute to the success of our Costumers, success in the technical solutions, quality and cost-effectiveness.<\/p>\n","protected":false},"excerpt":{"rendered":"<p>Our main activity is to provide to our Customers cutting tools that meets today\u2019s requirements. If necessary together with the tools we provide the technology too. One of the features of our age is the DYNAMISM. This means new challenges and demands, such as new technologies and tools developed to solve them. Therefore the users whose main aim is to ensure the daily and trouble free production, have not always sufficient time to look for new solutions, technologies, to keep [&hellip;]<\/p>\n","protected":false},"author":1,"featured_media":0,"parent":0,"menu_order":0,"comment_status":"closed","ping_status":"closed","template":"template-parts\/page-about.php","meta":{"_acf_changed":false,"footnotes":""},"class_list":["post-401","page","type-page","status-publish","hentry"],"acf":[],"yoast_head":"<!-- This site is optimized with the Yoast SEO plugin v26.8 - https:\/\/yoast.com\/product\/yoast-seo-wordpress\/ -->\n<title>Introduction - Marketool<\/title>\n<meta name=\"robots\" content=\"index, follow, max-snippet:-1, max-image-preview:large, max-video-preview:-1\" \/>\n<link rel=\"canonical\" href=\"https:\/\/marketool.hu\/en\/introduction\/\" \/>\n<meta property=\"og:locale\" content=\"en_US\" \/>\n<meta property=\"og:type\" content=\"article\" \/>\n<meta property=\"og:title\" content=\"Introduction - Marketool\" \/>\n<meta property=\"og:description\" content=\"Our main activity is to provide to our Customers cutting tools that meets today\u2019s requirements. If necessary together with the tools we provide the technology too. One of the features of our age is the DYNAMISM. This means new challenges and demands, such as new technologies and tools developed to solve them. Therefore the users whose main aim is to ensure the daily and trouble free production, have not always sufficient time to look for new solutions, technologies, to keep [&hellip;]\" \/>\n<meta property=\"og:url\" content=\"https:\/\/marketool.hu\/en\/introduction\/\" \/>\n<meta property=\"og:site_name\" content=\"Marketool\" \/>\n<meta property=\"article:modified_time\" content=\"2023-10-12T08:46:02+00:00\" \/>\n<meta name=\"twitter:card\" content=\"summary_large_image\" \/>\n<meta name=\"twitter:label1\" content=\"Est. reading time\" \/>\n\t<meta name=\"twitter:data1\" content=\"1 minute\" \/>\n<script type=\"application\/ld+json\" class=\"yoast-schema-graph\">{\"@context\":\"https:\/\/schema.org\",\"@graph\":[{\"@type\":\"WebPage\",\"@id\":\"https:\/\/marketool.hu\/en\/introduction\/\",\"url\":\"https:\/\/marketool.hu\/en\/introduction\/\",\"name\":\"Introduction - Marketool\",\"isPartOf\":{\"@id\":\"https:\/\/marketool.hu\/#website\"},\"datePublished\":\"2023-08-02T08:24:58+00:00\",\"dateModified\":\"2023-10-12T08:46:02+00:00\",\"breadcrumb\":{\"@id\":\"https:\/\/marketool.hu\/en\/introduction\/#breadcrumb\"},\"inLanguage\":\"en-US\",\"potentialAction\":[{\"@type\":\"ReadAction\",\"target\":[\"https:\/\/marketool.hu\/en\/introduction\/\"]}]},{\"@type\":\"BreadcrumbList\",\"@id\":\"https:\/\/marketool.hu\/en\/introduction\/#breadcrumb\",\"itemListElement\":[{\"@type\":\"ListItem\",\"position\":1,\"name\":\"Kezd\u0151lap\",\"item\":\"https:\/\/marketool.hu\/en\/\"},{\"@type\":\"ListItem\",\"position\":2,\"name\":\"Introduction\"}]},{\"@type\":\"WebSite\",\"@id\":\"https:\/\/marketool.hu\/#website\",\"url\":\"https:\/\/marketool.hu\/\",\"name\":\"Marketool Kft.\",\"description\":\"Marketool - Min\u0151s\u00e9gi szersz\u00e1mok. Szerz\u0151d\u00f6tt Sandvik elad\u00f3.\",\"publisher\":{\"@id\":\"https:\/\/marketool.hu\/#organization\"},\"potentialAction\":[{\"@type\":\"SearchAction\",\"target\":{\"@type\":\"EntryPoint\",\"urlTemplate\":\"https:\/\/marketool.hu\/?s={search_term_string}\"},\"query-input\":{\"@type\":\"PropertyValueSpecification\",\"valueRequired\":true,\"valueName\":\"search_term_string\"}}],\"inLanguage\":\"en-US\"},{\"@type\":\"Organization\",\"@id\":\"https:\/\/marketool.hu\/#organization\",\"name\":\"Marketool Kereskedelmi \u00e9s Szolg\u00e1ltat\u00f3 kft.\",\"url\":\"https:\/\/marketool.hu\/\",\"logo\":{\"@type\":\"ImageObject\",\"inLanguage\":\"en-US\",\"@id\":\"https:\/\/marketool.hu\/#\/schema\/logo\/image\/\",\"url\":\"https:\/\/marketool.hu\/wp-content\/uploads\/2023\/09\/logo.png\",\"contentUrl\":\"https:\/\/marketool.hu\/wp-content\/uploads\/2023\/09\/logo.png\",\"width\":326,\"height\":62,\"caption\":\"Marketool Kereskedelmi \u00e9s Szolg\u00e1ltat\u00f3 kft.\"},\"image\":{\"@id\":\"https:\/\/marketool.hu\/#\/schema\/logo\/image\/\"}}]}<\/script>\n<!-- \/ Yoast SEO plugin. -->","yoast_head_json":{"title":"Introduction - Marketool","robots":{"index":"index","follow":"follow","max-snippet":"max-snippet:-1","max-image-preview":"max-image-preview:large","max-video-preview":"max-video-preview:-1"},"canonical":"https:\/\/marketool.hu\/en\/introduction\/","og_locale":"en_US","og_type":"article","og_title":"Introduction - Marketool","og_description":"Our main activity is to provide to our Customers cutting tools that meets today\u2019s requirements. If necessary together with the tools we provide the technology too. One of the features of our age is the DYNAMISM. This means new challenges and demands, such as new technologies and tools developed to solve them. Therefore the users whose main aim is to ensure the daily and trouble free production, have not always sufficient time to look for new solutions, technologies, to keep [&hellip;]","og_url":"https:\/\/marketool.hu\/en\/introduction\/","og_site_name":"Marketool","article_modified_time":"2023-10-12T08:46:02+00:00","twitter_card":"summary_large_image","twitter_misc":{"Est. reading time":"1 minute"},"schema":{"@context":"https:\/\/schema.org","@graph":[{"@type":"WebPage","@id":"https:\/\/marketool.hu\/en\/introduction\/","url":"https:\/\/marketool.hu\/en\/introduction\/","name":"Introduction - Marketool","isPartOf":{"@id":"https:\/\/marketool.hu\/#website"},"datePublished":"2023-08-02T08:24:58+00:00","dateModified":"2023-10-12T08:46:02+00:00","breadcrumb":{"@id":"https:\/\/marketool.hu\/en\/introduction\/#breadcrumb"},"inLanguage":"en-US","potentialAction":[{"@type":"ReadAction","target":["https:\/\/marketool.hu\/en\/introduction\/"]}]},{"@type":"BreadcrumbList","@id":"https:\/\/marketool.hu\/en\/introduction\/#breadcrumb","itemListElement":[{"@type":"ListItem","position":1,"name":"Kezd\u0151lap","item":"https:\/\/marketool.hu\/en\/"},{"@type":"ListItem","position":2,"name":"Introduction"}]},{"@type":"WebSite","@id":"https:\/\/marketool.hu\/#website","url":"https:\/\/marketool.hu\/","name":"Marketool Kft.","description":"Marketool - Min\u0151s\u00e9gi szersz\u00e1mok. Szerz\u0151d\u00f6tt Sandvik elad\u00f3.","publisher":{"@id":"https:\/\/marketool.hu\/#organization"},"potentialAction":[{"@type":"SearchAction","target":{"@type":"EntryPoint","urlTemplate":"https:\/\/marketool.hu\/?s={search_term_string}"},"query-input":{"@type":"PropertyValueSpecification","valueRequired":true,"valueName":"search_term_string"}}],"inLanguage":"en-US"},{"@type":"Organization","@id":"https:\/\/marketool.hu\/#organization","name":"Marketool Kereskedelmi \u00e9s Szolg\u00e1ltat\u00f3 kft.","url":"https:\/\/marketool.hu\/","logo":{"@type":"ImageObject","inLanguage":"en-US","@id":"https:\/\/marketool.hu\/#\/schema\/logo\/image\/","url":"https:\/\/marketool.hu\/wp-content\/uploads\/2023\/09\/logo.png","contentUrl":"https:\/\/marketool.hu\/wp-content\/uploads\/2023\/09\/logo.png","width":326,"height":62,"caption":"Marketool Kereskedelmi \u00e9s Szolg\u00e1ltat\u00f3 kft."},"image":{"@id":"https:\/\/marketool.hu\/#\/schema\/logo\/image\/"}}]}},"_links":{"self":[{"href":"https:\/\/marketool.hu\/en\/wp-json\/wp\/v2\/pages\/401","targetHints":{"allow":["GET"]}}],"collection":[{"href":"https:\/\/marketool.hu\/en\/wp-json\/wp\/v2\/pages"}],"about":[{"href":"https:\/\/marketool.hu\/en\/wp-json\/wp\/v2\/types\/page"}],"author":[{"embeddable":true,"href":"https:\/\/marketool.hu\/en\/wp-json\/wp\/v2\/users\/1"}],"replies":[{"embeddable":true,"href":"https:\/\/marketool.hu\/en\/wp-json\/wp\/v2\/comments?post=401"}],"version-history":[{"count":4,"href":"https:\/\/marketool.hu\/en\/wp-json\/wp\/v2\/pages\/401\/revisions"}],"predecessor-version":[{"id":781,"href":"https:\/\/marketool.hu\/en\/wp-json\/wp\/v2\/pages\/401\/revisions\/781"}],"wp:attachment":[{"href":"https:\/\/marketool.hu\/en\/wp-json\/wp\/v2\/media?parent=401"}],"curies":[{"name":"wp","href":"https:\/\/api.w.org\/{rel}","templated":true}]}}