{"id":409,"date":"2023-08-02T10:25:44","date_gmt":"2023-08-02T08:25:44","guid":{"rendered":"https:\/\/marketool.usernet.hu\/services\/szerszam-teszteles-kiertekeles\/"},"modified":"2023-10-16T12:39:57","modified_gmt":"2023-10-16T10:39:57","slug":"tool-test-and-results-evaluation","status":"publish","type":"page","link":"https:\/\/marketool.hu\/en\/services\/tool-test-and-results-evaluation\/","title":{"rendered":"Tool test and results evaluation"},"content":{"rendered":"\n<p>For this:<\/p>\n\n\n\n<ul class=\"wp-block-list\">\n<li>we define the task (workpiece, operation, machine, clamping)<\/li>\n\n\n\n<li>we define the goals together (e.g. tool cost reduction, productivity increase, can even the tool perform a specific task)<\/li>\n\n\n\n<li>we order the test tools<\/li>\n\n\n\n<li>we will make an appointment for test<\/li>\n\n\n\n<li>we will perform the test together at your workshop<\/li>\n\n\n\n<li>we evaluate the results.<\/li>\n<\/ul>\n\n\n\n<p>Example: test of a 8xD drilling tool with inserts<\/p>\n\n\n\n<figure class=\"wp-block-image size-full\"><img loading=\"lazy\" decoding=\"async\" width=\"1170\" height=\"879\" src=\"https:\/\/marketool.hu\/wp-content\/uploads\/2023\/10\/IMG_1706.jpg\" alt=\"\" class=\"wp-image-811\" srcset=\"https:\/\/marketool.hu\/wp-content\/uploads\/2023\/10\/IMG_1706.jpg 1170w, https:\/\/marketool.hu\/wp-content\/uploads\/2023\/10\/IMG_1706-300x225.jpg 300w, https:\/\/marketool.hu\/wp-content\/uploads\/2023\/10\/IMG_1706-1024x769.jpg 1024w, https:\/\/marketool.hu\/wp-content\/uploads\/2023\/10\/IMG_1706-768x577.jpg 768w, https:\/\/marketool.hu\/wp-content\/uploads\/2023\/10\/IMG_1706-370x278.jpg 370w\" sizes=\"auto, (max-width: 1170px) 100vw, 1170px\" \/><\/figure>\n\n\n\n<p>Setting up the tool and parameters<\/p>\n","protected":false},"excerpt":{"rendered":"<p>For this: Example: test of a 8xD drilling tool with inserts Setting up the tool and parameters<\/p>\n","protected":false},"author":1,"featured_media":0,"parent":405,"menu_order":0,"comment_status":"closed","ping_status":"closed","template":"template-parts\/page-service.php","meta":{"_acf_changed":false,"footnotes":""},"class_list":["post-409","page","type-page","status-publish","hentry"],"acf":[],"yoast_head":"<!-- This site is optimized with the Yoast SEO plugin v26.8 - https:\/\/yoast.com\/product\/yoast-seo-wordpress\/ -->\n<title>Tool test and results evaluation - Marketool<\/title>\n<meta name=\"robots\" content=\"index, follow, max-snippet:-1, max-image-preview:large, max-video-preview:-1\" \/>\n<link rel=\"canonical\" href=\"https:\/\/marketool.hu\/en\/services\/tool-test-and-results-evaluation\/\" \/>\n<meta property=\"og:locale\" content=\"en_US\" \/>\n<meta property=\"og:type\" content=\"article\" \/>\n<meta property=\"og:title\" content=\"Tool test and results evaluation - Marketool\" \/>\n<meta property=\"og:description\" content=\"For this: Example: test of a 8xD drilling tool with inserts Setting up the tool and parameters\" \/>\n<meta property=\"og:url\" content=\"https:\/\/marketool.hu\/en\/services\/tool-test-and-results-evaluation\/\" \/>\n<meta property=\"og:site_name\" content=\"Marketool\" \/>\n<meta property=\"article:modified_time\" content=\"2023-10-16T10:39:57+00:00\" \/>\n<meta property=\"og:image\" content=\"https:\/\/marketool.hu\/wp-content\/uploads\/2023\/10\/IMG_1706.jpg\" \/>\n<meta name=\"twitter:card\" content=\"summary_large_image\" \/>\n<meta name=\"twitter:label1\" content=\"Est. reading time\" \/>\n\t<meta name=\"twitter:data1\" content=\"1 minute\" \/>\n<script type=\"application\/ld+json\" class=\"yoast-schema-graph\">{\"@context\":\"https:\/\/schema.org\",\"@graph\":[{\"@type\":\"WebPage\",\"@id\":\"https:\/\/marketool.hu\/en\/services\/tool-test-and-results-evaluation\/\",\"url\":\"https:\/\/marketool.hu\/en\/services\/tool-test-and-results-evaluation\/\",\"name\":\"Tool test and results evaluation - Marketool\",\"isPartOf\":{\"@id\":\"https:\/\/marketool.hu\/#website\"},\"primaryImageOfPage\":{\"@id\":\"https:\/\/marketool.hu\/en\/services\/tool-test-and-results-evaluation\/#primaryimage\"},\"image\":{\"@id\":\"https:\/\/marketool.hu\/en\/services\/tool-test-and-results-evaluation\/#primaryimage\"},\"thumbnailUrl\":\"https:\/\/marketool.hu\/wp-content\/uploads\/2023\/10\/IMG_1706.jpg\",\"datePublished\":\"2023-08-02T08:25:44+00:00\",\"dateModified\":\"2023-10-16T10:39:57+00:00\",\"breadcrumb\":{\"@id\":\"https:\/\/marketool.hu\/en\/services\/tool-test-and-results-evaluation\/#breadcrumb\"},\"inLanguage\":\"en-US\",\"potentialAction\":[{\"@type\":\"ReadAction\",\"target\":[\"https:\/\/marketool.hu\/en\/services\/tool-test-and-results-evaluation\/\"]}]},{\"@type\":\"ImageObject\",\"inLanguage\":\"en-US\",\"@id\":\"https:\/\/marketool.hu\/en\/services\/tool-test-and-results-evaluation\/#primaryimage\",\"url\":\"https:\/\/marketool.hu\/wp-content\/uploads\/2023\/10\/IMG_1706.jpg\",\"contentUrl\":\"https:\/\/marketool.hu\/wp-content\/uploads\/2023\/10\/IMG_1706.jpg\"},{\"@type\":\"BreadcrumbList\",\"@id\":\"https:\/\/marketool.hu\/en\/services\/tool-test-and-results-evaluation\/#breadcrumb\",\"itemListElement\":[{\"@type\":\"ListItem\",\"position\":1,\"name\":\"Kezd\u0151lap\",\"item\":\"https:\/\/marketool.hu\/en\/\"},{\"@type\":\"ListItem\",\"position\":2,\"name\":\"Services\",\"item\":\"https:\/\/marketool.hu\/en\/services\/\"},{\"@type\":\"ListItem\",\"position\":3,\"name\":\"Tool test and results evaluation\"}]},{\"@type\":\"WebSite\",\"@id\":\"https:\/\/marketool.hu\/#website\",\"url\":\"https:\/\/marketool.hu\/\",\"name\":\"Marketool Kft.\",\"description\":\"Marketool - Min\u0151s\u00e9gi szersz\u00e1mok. Szerz\u0151d\u00f6tt Sandvik elad\u00f3.\",\"publisher\":{\"@id\":\"https:\/\/marketool.hu\/#organization\"},\"potentialAction\":[{\"@type\":\"SearchAction\",\"target\":{\"@type\":\"EntryPoint\",\"urlTemplate\":\"https:\/\/marketool.hu\/?s={search_term_string}\"},\"query-input\":{\"@type\":\"PropertyValueSpecification\",\"valueRequired\":true,\"valueName\":\"search_term_string\"}}],\"inLanguage\":\"en-US\"},{\"@type\":\"Organization\",\"@id\":\"https:\/\/marketool.hu\/#organization\",\"name\":\"Marketool Kereskedelmi \u00e9s Szolg\u00e1ltat\u00f3 kft.\",\"url\":\"https:\/\/marketool.hu\/\",\"logo\":{\"@type\":\"ImageObject\",\"inLanguage\":\"en-US\",\"@id\":\"https:\/\/marketool.hu\/#\/schema\/logo\/image\/\",\"url\":\"https:\/\/marketool.hu\/wp-content\/uploads\/2023\/09\/logo.png\",\"contentUrl\":\"https:\/\/marketool.hu\/wp-content\/uploads\/2023\/09\/logo.png\",\"width\":326,\"height\":62,\"caption\":\"Marketool Kereskedelmi \u00e9s Szolg\u00e1ltat\u00f3 kft.\"},\"image\":{\"@id\":\"https:\/\/marketool.hu\/#\/schema\/logo\/image\/\"}}]}<\/script>\n<!-- \/ Yoast SEO plugin. -->","yoast_head_json":{"title":"Tool test and results evaluation - Marketool","robots":{"index":"index","follow":"follow","max-snippet":"max-snippet:-1","max-image-preview":"max-image-preview:large","max-video-preview":"max-video-preview:-1"},"canonical":"https:\/\/marketool.hu\/en\/services\/tool-test-and-results-evaluation\/","og_locale":"en_US","og_type":"article","og_title":"Tool test and results evaluation - Marketool","og_description":"For this: Example: test of a 8xD drilling tool with inserts Setting up the tool and parameters","og_url":"https:\/\/marketool.hu\/en\/services\/tool-test-and-results-evaluation\/","og_site_name":"Marketool","article_modified_time":"2023-10-16T10:39:57+00:00","og_image":[{"url":"https:\/\/marketool.hu\/wp-content\/uploads\/2023\/10\/IMG_1706.jpg","type":"","width":"","height":""}],"twitter_card":"summary_large_image","twitter_misc":{"Est. reading time":"1 minute"},"schema":{"@context":"https:\/\/schema.org","@graph":[{"@type":"WebPage","@id":"https:\/\/marketool.hu\/en\/services\/tool-test-and-results-evaluation\/","url":"https:\/\/marketool.hu\/en\/services\/tool-test-and-results-evaluation\/","name":"Tool test and results evaluation - Marketool","isPartOf":{"@id":"https:\/\/marketool.hu\/#website"},"primaryImageOfPage":{"@id":"https:\/\/marketool.hu\/en\/services\/tool-test-and-results-evaluation\/#primaryimage"},"image":{"@id":"https:\/\/marketool.hu\/en\/services\/tool-test-and-results-evaluation\/#primaryimage"},"thumbnailUrl":"https:\/\/marketool.hu\/wp-content\/uploads\/2023\/10\/IMG_1706.jpg","datePublished":"2023-08-02T08:25:44+00:00","dateModified":"2023-10-16T10:39:57+00:00","breadcrumb":{"@id":"https:\/\/marketool.hu\/en\/services\/tool-test-and-results-evaluation\/#breadcrumb"},"inLanguage":"en-US","potentialAction":[{"@type":"ReadAction","target":["https:\/\/marketool.hu\/en\/services\/tool-test-and-results-evaluation\/"]}]},{"@type":"ImageObject","inLanguage":"en-US","@id":"https:\/\/marketool.hu\/en\/services\/tool-test-and-results-evaluation\/#primaryimage","url":"https:\/\/marketool.hu\/wp-content\/uploads\/2023\/10\/IMG_1706.jpg","contentUrl":"https:\/\/marketool.hu\/wp-content\/uploads\/2023\/10\/IMG_1706.jpg"},{"@type":"BreadcrumbList","@id":"https:\/\/marketool.hu\/en\/services\/tool-test-and-results-evaluation\/#breadcrumb","itemListElement":[{"@type":"ListItem","position":1,"name":"Kezd\u0151lap","item":"https:\/\/marketool.hu\/en\/"},{"@type":"ListItem","position":2,"name":"Services","item":"https:\/\/marketool.hu\/en\/services\/"},{"@type":"ListItem","position":3,"name":"Tool test and results evaluation"}]},{"@type":"WebSite","@id":"https:\/\/marketool.hu\/#website","url":"https:\/\/marketool.hu\/","name":"Marketool Kft.","description":"Marketool - Min\u0151s\u00e9gi szersz\u00e1mok. Szerz\u0151d\u00f6tt Sandvik elad\u00f3.","publisher":{"@id":"https:\/\/marketool.hu\/#organization"},"potentialAction":[{"@type":"SearchAction","target":{"@type":"EntryPoint","urlTemplate":"https:\/\/marketool.hu\/?s={search_term_string}"},"query-input":{"@type":"PropertyValueSpecification","valueRequired":true,"valueName":"search_term_string"}}],"inLanguage":"en-US"},{"@type":"Organization","@id":"https:\/\/marketool.hu\/#organization","name":"Marketool Kereskedelmi \u00e9s Szolg\u00e1ltat\u00f3 kft.","url":"https:\/\/marketool.hu\/","logo":{"@type":"ImageObject","inLanguage":"en-US","@id":"https:\/\/marketool.hu\/#\/schema\/logo\/image\/","url":"https:\/\/marketool.hu\/wp-content\/uploads\/2023\/09\/logo.png","contentUrl":"https:\/\/marketool.hu\/wp-content\/uploads\/2023\/09\/logo.png","width":326,"height":62,"caption":"Marketool Kereskedelmi \u00e9s Szolg\u00e1ltat\u00f3 kft."},"image":{"@id":"https:\/\/marketool.hu\/#\/schema\/logo\/image\/"}}]}},"_links":{"self":[{"href":"https:\/\/marketool.hu\/en\/wp-json\/wp\/v2\/pages\/409","targetHints":{"allow":["GET"]}}],"collection":[{"href":"https:\/\/marketool.hu\/en\/wp-json\/wp\/v2\/pages"}],"about":[{"href":"https:\/\/marketool.hu\/en\/wp-json\/wp\/v2\/types\/page"}],"author":[{"embeddable":true,"href":"https:\/\/marketool.hu\/en\/wp-json\/wp\/v2\/users\/1"}],"replies":[{"embeddable":true,"href":"https:\/\/marketool.hu\/en\/wp-json\/wp\/v2\/comments?post=409"}],"version-history":[{"count":6,"href":"https:\/\/marketool.hu\/en\/wp-json\/wp\/v2\/pages\/409\/revisions"}],"predecessor-version":[{"id":813,"href":"https:\/\/marketool.hu\/en\/wp-json\/wp\/v2\/pages\/409\/revisions\/813"}],"up":[{"embeddable":true,"href":"https:\/\/marketool.hu\/en\/wp-json\/wp\/v2\/pages\/405"}],"wp:attachment":[{"href":"https:\/\/marketool.hu\/en\/wp-json\/wp\/v2\/media?parent=409"}],"curies":[{"name":"wp","href":"https:\/\/api.w.org\/{rel}","templated":true}]}}